{"id":61,"date":"2017-03-28T13:43:00","date_gmt":"2017-03-28T13:43:00","guid":{"rendered":"https:\/\/djfrodo.sk\/?page_id=61"},"modified":"2026-01-03T12:12:15","modified_gmt":"2026-01-03T11:12:15","slug":"galeria","status":"publish","type":"page","link":"https:\/\/djfrodo.sk\/index.php\/galeria\/","title":{"rendered":"Gal\u00e9ria"},"content":{"rendered":"<div class=\"wpb-content-wrapper\"><p>[vc_row][vc_column el_id=&#8220;Ozvu\u010denie &amp; osvetlenie PROMO&#8220;][vc_column_text css=&#8220;&#8220;]<strong>Ozvu\u010denie &amp; osvetlenie PROMO<\/strong>[\/vc_column_text][vc_media_grid css=&#8220;&#8220; grid_id=&#8220;vc_gid:1767438571529-e62654bd-c97f-9&#8243; include=&#8220;1337,1336,1335,1334,1333,1328,1329,1330,1331,1332&#8243;][vc_column_text css=&#8220;&#8220;]<strong>R\u00f4zne udalosti, svadby a eventy &#8211; fotky pou\u017eit\u00e9 s Va\u0161im s\u00fahlasom<\/strong>[\/vc_column_text][vc_media_grid style=&#8220;pagination&#8220; items_per_page=&#8220;9&#8243; gap=&#8220;30&#8243; arrows_design=&#8220;vc_arrow-icon-arrow_01_left&#8220; arrows_color=&#8220;white&#8220; css=&#8220;&#8220; grid_id=&#8220;vc_gid:1767438571532-2a4731b4-657f-10&#8243; include=&#8220;1248,1281,1279,1280,1278,1277,1276,1275,1187,1266,1265,1183,1195,1196,1282,1260,1259,1256,1221,1224,1218,1232,1186,1185,1184,1194,1179,1181,1191,1192,1193,1197,1189,1199,1188,1198,1171,1252,1244,1242,1241,1240,1235,1234,1233,1231,1230,1229,1228,1225,1200,1243,1254,1250,1249,1255,1245,1226,1246,1247,1239,1237,1236,1215,1223,1182,1214,1222,1217,1258,1267&#8243;][\/vc_column][\/vc_row][vc_row][vc_column][vc_video link=&#8220;https:\/\/www.youtube.com\/watch?v=NhzrALzMFrc&#8220; css=&#8220;&#8220; title=&#8220;Promo Video&#8220;][\/vc_column][\/vc_row][vc_row][vc_column][\/vc_column][\/vc_row]<\/p>\n<\/div>","protected":false},"excerpt":{"rendered":"<p>[vc_row][vc_column el_id=&#8220;Ozvu\u010denie &amp; osvetlenie PROMO&#8220;][vc_column_text css=&#8220;&#8220;]Ozvu\u010denie &amp; osvetlenie PROMO[\/vc_column_text][vc_media_grid css=&#8220;&#8220; grid_id=&#8220;vc_gid:1767438571529-e62654bd-c97f-9&#8243; include=&#8220;1337,1336,1335,1334,1333,1328,1329,1330,1331,1332&#8243;][vc_column_text css=&#8220;&#8220;]R\u00f4zne udalosti, svadby a eventy &#8211; fotky pou\u017eit\u00e9 s Va\u0161im s\u00fahlasom[\/vc_column_text][vc_media_grid style=&#8220;pagination&#8220; items_per_page=&#8220;9&#8243; gap=&#8220;30&#8243; arrows_design=&#8220;vc_arrow-icon-arrow_01_left&#8220; arrows_color=&#8220;white&#8220; css=&#8220;&#8220; grid_id=&#8220;vc_gid:1767438571532-2a4731b4-657f-10&#8243; include=&#8220;1248,1281,1279,1280,1278,1277,1276,1275,1187,1266,1265,1183,1195,1196,1282,1260,1259,1256,1221,1224,1218,1232,1186,1185,1184,1194,1179,1181,1191,1192,1193,1197,1189,1199,1188,1198,1171,1252,1244,1242,1241,1240,1235,1234,1233,1231,1230,1229,1228,1225,1200,1243,1254,1250,1249,1255,1245,1226,1246,1247,1239,1237,1236,1215,1223,1182,1214,1222,1217,1258,1267&#8243;][\/vc_column][\/vc_row][vc_row][vc_column][vc_video link=&#8220;https:\/\/www.youtube.com\/watch?v=NhzrALzMFrc&#8220; css=&#8220;&#8220; title=&#8220;Promo Video&#8220;][\/vc_column][\/vc_row][vc_row][vc_column][\/vc_column][\/vc_row]<\/p>\n","protected":false},"author":1,"featured_media":0,"parent":0,"menu_order":0,"comment_status":"closed","ping_status":"closed","template":"","meta":{"footnotes":""},"class_list":["post-61","page","type-page","status-publish","hentry"],"_links":{"self":[{"href":"https:\/\/djfrodo.sk\/index.php\/wp-json\/wp\/v2\/pages\/61","targetHints":{"allow":["GET"]}}],"collection":[{"href":"https:\/\/djfrodo.sk\/index.php\/wp-json\/wp\/v2\/pages"}],"about":[{"href":"https:\/\/djfrodo.sk\/index.php\/wp-json\/wp\/v2\/types\/page"}],"author":[{"embeddable":true,"href":"https:\/\/djfrodo.sk\/index.php\/wp-json\/wp\/v2\/users\/1"}],"replies":[{"embeddable":true,"href":"https:\/\/djfrodo.sk\/index.php\/wp-json\/wp\/v2\/comments?post=61"}],"version-history":[{"count":6,"href":"https:\/\/djfrodo.sk\/index.php\/wp-json\/wp\/v2\/pages\/61\/revisions"}],"predecessor-version":[{"id":1353,"href":"https:\/\/djfrodo.sk\/index.php\/wp-json\/wp\/v2\/pages\/61\/revisions\/1353"}],"wp:attachment":[{"href":"https:\/\/djfrodo.sk\/index.php\/wp-json\/wp\/v2\/media?parent=61"}],"curies":[{"name":"wp","href":"https:\/\/api.w.org\/{rel}","templated":true}]}}